{"id":446,"date":"2023-03-02T11:38:27","date_gmt":"2023-03-02T11:38:27","guid":{"rendered":"https:\/\/www.chovilogistics.com\/?page_id=446"},"modified":"2023-03-08T15:57:06","modified_gmt":"2023-03-08T15:57:06","slug":"aviso-legal","status":"publish","type":"page","link":"https:\/\/www.chovilogistics.com\/en\/aviso-legal\/","title":{"rendered":"Aviso legal"},"content":{"rendered":"<div data-elementor-type=\"wp-page\" data-elementor-id=\"446\" class=\"elementor elementor-446\">\n\t\t\t\t\t\t\t\t\t<section class=\"elementor-section elementor-top-section elementor-element elementor-element-f92ce93 elementor-section-boxed elementor-section-height-default elementor-section-height-default\" data-id=\"f92ce93\" data-element_type=\"section\" data-settings=\"{&quot;background_background&quot;:&quot;classic&quot;,&quot;shape_divider_bottom&quot;:&quot;tilt&quot;}\">\n\t\t\t\t\t<div class=\"elementor-shape elementor-shape-bottom\" data-negative=\"false\">\n\t\t\t<svg xmlns=\"http:\/\/www.w3.org\/2000\/svg\" viewbox=\"0 0 1000 100\" preserveaspectratio=\"none\">\n\t<path class=\"elementor-shape-fill\" d=\"M0,6V0h1000v100L0,6z\"\/>\n<\/svg>\t\t<\/div>\n\t\t\t\t\t<div class=\"elementor-container elementor-column-gap-default\">\n\t\t\t\t\t<div class=\"elementor-column elementor-col-100 elementor-top-column elementor-element elementor-element-890ea18\" data-id=\"890ea18\" data-element_type=\"column\">\n\t\t\t<div class=\"elementor-widget-wrap elementor-element-populated\">\n\t\t\t\t\t\t\t\t<div class=\"elementor-element elementor-element-0d69fcf elementor-widget elementor-widget-spacer\" data-id=\"0d69fcf\" data-element_type=\"widget\" data-widget_type=\"spacer.default\">\n\t\t\t\t<div class=\"elementor-widget-container\">\n\t\t\t<style>\/*! elementor - v3.11.2 - 22-02-2023 *\/\n.elementor-column .elementor-spacer-inner{height:var(--spacer-size)}.e-con{--container-widget-width:100%}.e-con-inner>.elementor-widget-spacer,.e-con>.elementor-widget-spacer{width:var(--container-widget-width,var(--spacer-size));--align-self:var(--container-widget-align-self,initial);--flex-shrink:0}.e-con-inner>.elementor-widget-spacer>.elementor-widget-container,.e-con-inner>.elementor-widget-spacer>.elementor-widget-container>.elementor-spacer,.e-con>.elementor-widget-spacer>.elementor-widget-container,.e-con>.elementor-widget-spacer>.elementor-widget-container>.elementor-spacer{height:100%}.e-con-inner>.elementor-widget-spacer>.elementor-widget-container>.elementor-spacer>.elementor-spacer-inner,.e-con>.elementor-widget-spacer>.elementor-widget-container>.elementor-spacer>.elementor-spacer-inner{height:var(--container-widget-height,var(--spacer-size))}<\/style>\t\t<div class=\"elementor-spacer\">\n\t\t\t<div class=\"elementor-spacer-inner\"><\/div>\n\t\t<\/div>\n\t\t\t\t<\/div>\n\t\t\t\t<\/div>\n\t\t\t\t<div class=\"elementor-element elementor-element-533e15f elementor-widget elementor-widget-spacer\" data-id=\"533e15f\" data-element_type=\"widget\" data-widget_type=\"spacer.default\">\n\t\t\t\t<div class=\"elementor-widget-container\">\n\t\t\t\t\t<div class=\"elementor-spacer\">\n\t\t\t<div class=\"elementor-spacer-inner\"><\/div>\n\t\t<\/div>\n\t\t\t\t<\/div>\n\t\t\t\t<\/div>\n\t\t\t\t<div class=\"elementor-element elementor-element-781ae51 elementor-widget elementor-widget-text-editor\" data-id=\"781ae51\" data-element_type=\"widget\" data-widget_type=\"text-editor.default\">\n\t\t\t\t<div class=\"elementor-widget-container\">\n\t\t\t<style>\/*! elementor - v3.11.2 - 22-02-2023 *\/\n.elementor-widget-text-editor.elementor-drop-cap-view-stacked .elementor-drop-cap{background-color:#818a91;color:#fff}.elementor-widget-text-editor.elementor-drop-cap-view-framed .elementor-drop-cap{color:#818a91;border:3px solid;background-color:transparent}.elementor-widget-text-editor:not(.elementor-drop-cap-view-default) .elementor-drop-cap{margin-top:8px}.elementor-widget-text-editor:not(.elementor-drop-cap-view-default) .elementor-drop-cap-letter{width:1em;height:1em}.elementor-widget-text-editor .elementor-drop-cap{float:left;text-align:center;line-height:1;font-size:50px}.elementor-widget-text-editor .elementor-drop-cap-letter{display:inline-block}<\/style>\t\t\t\t<ol><li>Identificaci\u00f3n de la raz\u00f3n social del responsable del tratamiento<\/li><\/ol><p>De acuerdo con la Ley 34\/2002 de 11 de julio de servicios de la sociedad de la informaci\u00f3n y de comercio electr\u00f3nico ponemos en su conocimiento los datos sociales de la entidad:<\/p><table width=\"576\"><tbody><tr><td width=\"121\"><p><strong>Raz\u00f3n social:<\/strong><\/p><\/td><td width=\"456\"><p><strong>CHOVI LOGISTIC SL<\/strong><\/p><\/td><\/tr><tr><td width=\"121\"><p><strong>N.I.F\/C.I.F<\/strong>.:<\/p><\/td><td width=\"456\"><p><strong>B98982242<\/strong><\/p><\/td><\/tr><tr><td width=\"121\"><p><strong>Domicilio:<\/strong><\/p><\/td><td width=\"456\"><p><strong>P.I. Bonavista Sector 3, Sup. Parcela 16<\/strong><strong> de <\/strong><strong>Massalav\u00e9s<\/strong> <strong>46292<\/strong><strong>\u00a0 (<\/strong><strong>Valencia<\/strong><strong>).<\/strong><\/p><\/td><\/tr><tr><td width=\"121\"><p><strong>Residencia:<\/strong><\/p><\/td><td width=\"456\"><p><strong>Espa\u00f1a<\/strong><\/p><\/td><\/tr><tr><td width=\"121\"><p><strong>E-mail<\/strong>:<\/p><\/td><td width=\"456\"><p><strong>dmoya@chovilogistics.com<\/strong><\/p><\/td><\/tr><tr><td width=\"121\"><p><strong>Tel\u00e9fonos:<\/strong><\/p><\/td><td width=\"456\"><p><strong>96 178 14 27<\/strong><\/p><\/td><\/tr><tr><td width=\"121\"><p><strong>Objeto<\/strong>:<\/p><\/td><td width=\"456\"><p><strong>Prestaci\u00f3n de Servicios de Almacenamiento, log\u00edstica\u00a0 y transporte<\/strong><\/p><\/td><\/tr><tr><td width=\"121\"><p><strong>Datos Reg\u00edstrales:<\/strong><\/p><\/td><td width=\"456\"><p><strong>Registro mercantil de Valencia Tomo 10464, Libro 7745, Folio 88, Secci\u00f3n 8, Hoja V 180794, Inscripci\u00f3n 1<\/strong><\/p><\/td><\/tr><\/tbody><\/table><p>\u00a0<\/p><ol start=\"2\"><li>Informaci\u00f3n general.<\/li><\/ol><p>Estas condiciones generales regulan el uso del servicio del web site https:\/\/www.chovilogistics.com\/\u00a0 cuyo titular es <strong>CHOVI LOGISTIC SL <\/strong>disponible de forma gratuita para los usuarios de Internet y su visualizaci\u00f3n no requiere de previa suscripci\u00f3n o registro alguno. No obstante, la contrataci\u00f3n de determinados servicios o productos s\u00ed requiere el registro del Usuario en la Web. La utilizaci\u00f3n de nuestra Web le atribuye la condici\u00f3n de usuario y supone la aceptaci\u00f3n plena y sin reservas por el Usuario de todas y cada una de las Condiciones Generales en la versi\u00f3n publicada por <strong>CHOVI LOGISTIC SL <\/strong>en el momento mismo en que el Usuario acceda a nuestro Web Site, as\u00ed como de nuestra pol\u00edtica de privacidad y tratamiento de datos personales. El Usuario debe leer atentamente las Condiciones Generales en cada una de las ocasiones en que se proponga utilizar nuestra Web. Asimismo, la utilizaci\u00f3n del Servicio se encuentra sometida igualmente a todos los avisos, reglamentos de uso e instrucciones puestos en conocimiento del Usuario por <strong>CHOVI LOGISTIC SL <\/strong>previsto en estas Condiciones Generales en cuanto no se opongan a ellas.<\/p><p><strong>CHOVI LOGISTIC SL <\/strong>se reserva el derecho a denegar o retirar el acceso a su WebSite, en cualquier momento y sin necesidad de preaviso, a aquellos Usuarios que incumplan las presentes Condiciones Generales, as\u00ed como las Condiciones Particulares que resulten de aplicaci\u00f3n.<\/p><ol start=\"3\"><li>Condiciones Generales<\/li><\/ol><p>Con car\u00e1cter general, el Usuario se obliga al cumplimiento de las presentes condiciones y t\u00e9rminos de uso, y obrar siempre conforme a la ley, a las buenas costumbres y a las exigencias de la buena fe, empleando la diligencia adecuada a la naturaleza del servicio del que disfruta, absteni\u00e9ndose de utilizar el sitio https:\/\/www.chovilogistics.com\/ , de cualquier forma que pueda impedir, da\u00f1ar o deteriorar el normal funcionamiento del mismo, los bienes o derechos <strong>CHOVI LOGISTIC SL<\/strong>, del resto de Usuarios o en general de cualquier tercero.<\/p><p>En particular, y sin que ello implique restricci\u00f3n alguna a la obligaci\u00f3n asumida por el Usuario con car\u00e1cter general de conformidad con el apartado anterior, el Usuario se obliga, en la utilizaci\u00f3n de https:\/\/www.chovilogistics.com\/ a:<\/p><ul><li>No introducir, almacenar o difundir en o desde el sitio web, cualquier informaci\u00f3n o material que fuera difamatorio, injurioso, obsceno, amenazador, xen\u00f3fobo, incite a la violencia a la discriminaci\u00f3n por raz\u00f3n de raza, sexo, ideolog\u00eda, religi\u00f3n o que de cualquier forma atente contra la moral, el orden p\u00fablico, los derechos fundamentales y las libertades p\u00fablicas, el honor, la intimidad o la imagen de terceros y en general la normativa vigente.<\/li><li>No introducir, almacenar o difundir mediante el sitio web ning\u00fan programa de ordenador, datos, virus, c\u00f3digo, equipo de hardware o de telecomunicaciones o cualquier otro instrumento o dispositivo electr\u00f3nico o f\u00edsico que sea susceptible de causar da\u00f1os en el sitio web, en cualquiera de los servicios, o en cualquiera de los equipos, sistemas o redes de <strong>CHOVI LOGISTIC SL<\/strong>, de cualquier Usuario, o en general de cualquier tercero. O que de cualquier otra forma sea capaz de causarles cualquier tipo de alteraci\u00f3n o impedir el normal funcionamiento de los mismos.<\/li><li>No destruir, alterar, utilizar para su uso, inutilizar o da\u00f1ar los datos, informaciones, programas o documentos electr\u00f3nicos de <strong>CHOVI LOGISTIC SL<\/strong> o terceros.<\/li><li>El Usuario no obstaculizar\u00e1 el uso del Servicio <strong>CHOVI LOGISTIC SL<\/strong> de otro Usuario ni el uso de servicios similares por parte de otra entidad.<\/li><li>El Usuario en especial deber\u00e1 de abstenersea realizar cualquier acto contrario a las normas que regulan, la protecci\u00f3n de datos de car\u00e1cter personal, el mercado y los consumidores, la Propiedad Intelectual, las normas de car\u00e1cter fiscal, y el honor, la intimidad y la imagen y buen nombre de personas o entidades.<\/li><li>El Usuario tiene prohibido suprimir, eludir o manipular el \u201ccopyright\u201d y dem\u00e1s datos\u00a0identificativos\u00a0de los derechos de\u00a0<strong>CHOVI LOGISTIC SL<\/strong> o de sus titulares incorporados a los Contenidos, as\u00ed como los dispositivos t\u00e9cnicos de protecci\u00f3n y cualesquiera mecanismos de informaci\u00f3n que pudieren contener los Contenidos<\/li><\/ul><p><strong>\u00a0<\/strong><\/p><p><strong>CHOVI LOGISTIC SL<\/strong> podr\u00e1, seg\u00fan su propio criterio, dar por terminado el servicio en forma inmediata, si la conducta del Usuario no fuera conforme con los t\u00e9rminos y condiciones expuestas en la presente.<\/p><p><strong>CHOVI LOGISTIC SL<\/strong> podr\u00e1, en todo momento y sin previo aviso, modificar las presentes Condiciones Generales, as\u00ed como las Condiciones Particulares que, en su caso, se incluyan, mediante la publicaci\u00f3n de dichas modificaciones en el sitio web con el fin de que puedan ser conocidas por los Usuarios.<\/p><ol start=\"4\"><li>Propiedad intelectual e industrial<\/li><li>La estructura, dise\u00f1o y forma de presentaci\u00f3n de los elementos [gr\u00e1ficos, im\u00e1genes, ficheros, logotipos, combinaciones de colores y cualquier elemento susceptible de protecci\u00f3n] est\u00e1n protegidos por derechos de propiedad intelectual titularidad de <strong>CHOVI LOGISTIC SL<\/strong>.<\/li><\/ol><p>Est\u00e1n prohibidas la reproducci\u00f3n, la transformaci\u00f3n, distribuci\u00f3n, comunicaci\u00f3n p\u00fablica, puesta a disposici\u00f3n del p\u00fablico y, en general, cualquier otra forma de explotaci\u00f3n, parcial o total de los elementos referidos en el apartado anterior. Estos actos de explotaci\u00f3n s\u00f3lo podr\u00e1n ser realizados en virtud de autorizaci\u00f3n expresa de <strong>CHOVI LOGISTIC SL<\/strong> y que, en todo caso, deber\u00e1n hacer referencia expl\u00edcita a la titularidad de los citados derechos de propiedad intelectual de <strong>CHOVI LOGISTIC SL<\/strong>. S\u00f3lo estar\u00e1 autorizado a la reproducci\u00f3n [impresi\u00f3n o descarga] para uso privado de los contenidos dispuestos en el sitio web.<\/p><ol start=\"2\"><li>No se permite la utilizaci\u00f3n de los signos distintivos [marcas, nombres comerciales], salvo autorizaci\u00f3n expresa de los leg\u00edtimos titulares.<\/li><li>Utilizaci\u00f3n de cookies<\/li><\/ol><p>Una \u00abcookie\u00bb es un peque\u00f1o fichero de texto que un servidor de p\u00e1ginas Web almacena en la unidad de disco duro del Usuario con el objeto de facilitarle ulteriores visitas. <strong>CHOVI LOGISTIC SL<\/strong> informa de que no emplea \u00abcookies\u00bb en la conexi\u00f3n al Portal. Adem\u00e1s, no responder\u00e1 de las que puedan ser generadas en el acceso a las p\u00e1ginas o sitios Web de terceros cuyo v\u00ednculo o enlace se encuentra en el Portal.<\/p><ol start=\"6\"><li>Exoneraci\u00f3n de responsabilidad.<\/li><\/ol><p><strong>CHOVI LOGISTIC SL <\/strong>no ser\u00e1 responsable:<\/p><p>Con car\u00e1cter general, respecto del uso inadecuado del sitio web titularidad de <strong>CHOVI LOGISTIC SL<\/strong>.- Los usuarios deber\u00e1n realizar un uso adecuado del sitio web, de acuerdo con las condiciones y t\u00e9rminos anteriores, sin que ninguna responsabilidad pueda tener <strong>CHOVI LOGISTIC SL<\/strong> por la utilizaci\u00f3n indebida.<\/p><p>Respecto de posibles deficiencias t\u00e9cnicas. &#8211; <strong>CHOVI LOGISTIC SL<\/strong> no ser\u00e1 responsable en ning\u00fan caso de las alteraciones en el servicio que se produzcan por fallos en la red el\u00e9ctrica, en la red de conexi\u00f3n de datos, en el servidor o en cualesquiera prestaciones.<\/p><p>Respecto al acceso por terceros a su sistema <strong>CHOVI LOGISTIC SL<\/strong> adoptar\u00e1 las cautelas t\u00e9cnicas necesarias a fin de proteger los datos e informaci\u00f3n a la que se accede, pero sin que sea responsable de actuaciones de terceros que, vulnerando las medidas de seguridad establecidas, accedan a los citados datos.<\/p><p>Esta p\u00e1gina web puede contener enlaces a otras p\u00e1ginas de terceras partes cuyo contenido <strong>CHOVI LOGISTIC SL <\/strong>no puede controlar. Su inclusi\u00f3n responde a fines informativos, no implicando la aceptaci\u00f3n o garant\u00eda por parte de <strong>CHOVI LOGISTIC SL<\/strong>de los contenidos de dichas p\u00e1ginas web. Por ello, <strong>CHOVI LOGISTIC SL <\/strong>rechaza toda responsabilidad en relaci\u00f3n con los mismos, as\u00ed como por los da\u00f1os que pudieran causarse por cualquier motivo en su sistema inform\u00e1tico (equipo y aplicaciones), documentos o ficheros. <strong>CHOVI LOGISTIC SL <\/strong>en la medida en la que lo permita la legislaci\u00f3n aplicable, no garantiza la fiabilidad, disponibilidad o continuidad del funcionamiento de esta p\u00e1gina web ni de su contenido por motivos t\u00e9cnicos, de seguridad, control o mantenimiento del servicio, por fallos debidos al servidor que aloja los contenidos o de otros intermediarios o proveedores, por ataques contra el sistema inform\u00e1tico, ni por cualesquiera otros motivos que se deriven de causas que escapen a su control, por lo que se exime de cualquier responsabilidad, directa o indirecta, por los mismos.<\/p><p><strong>CHOVI LOGISTIC SL <\/strong>no se hace responsable de los fallos, errores o da\u00f1os, directos o indirectos, que puedan causarse al sistema inform\u00e1tico del usuario o a los ficheros o documentos almacenados en el mismo, que sean causados o se deriven de la capacidad o calidad de su sistema inform\u00e1tico o de la presencia de un virus o cualquier otra aplicaci\u00f3n inform\u00e1tica da\u00f1ina en el ordenador que sea utilizado para la conexi\u00f3n a los contenidos de la web, de la calidad de su conexi\u00f3n o acceso a Internet, por un mal funcionamiento de su navegador, o por el uso de aplicaciones inform\u00e1ticas cuyas versiones no est\u00e9n actualizadas o no se obtenga la correspondiente licencia de usuario.<\/p><p><strong>CHOVI LOGISTIC SL <\/strong>queda exonerado de responsabilidad por cualquier reclamaci\u00f3n respecto a los derechos de propiedad intelectual de los art\u00edculos e im\u00e1genes publicadas en su portal, as\u00ed como, no garantiza la exactitud, veracidad y vigencia de los contenidos de esta p\u00e1gina web, ya sean propios, de terceros, o enlazables a otras websites, quedando totalmente exonerada de cualquier responsabilidad derivada del uso de la mismos<\/p><p><strong>CHOVI LOGISTIC SL <\/strong>queda exonerada de cualquier responsabilidad derivada de cualquier reclamaci\u00f3n, incluido el pago de honorarios a abogados, por las demandas y reclamaciones originadas por terceros por el incumplimiento por parte del USUARIO de nuestras condiciones de uso, acceso y pol\u00edtica de privacidad, o cualquiera otra reclamaci\u00f3n por el incumplimiento de la legislaci\u00f3n vigente<\/p><ol start=\"7\"><li>Legislaci\u00f3n.<\/li><\/ol><p>Con car\u00e1cter general las relaciones entre <strong>CHOVI LOGISTIC SL <\/strong>con los Usuarios de sus servicios telem\u00e1ticos, presentes en este sitio Web, se encuentran sometidas a la legislaci\u00f3n y jurisdicci\u00f3n espa\u00f1olas, someti\u00e9ndose las partes para cualquier cuesti\u00f3n litigiosa derivada del presente acuerdo a los Juzgados y Tribunales de residencia del Usuario (Espa\u00f1a).<\/p><p>Si un tribunal competente considerara que alguna disposici\u00f3n o disposiciones del presente acuerdo fuese contraria a la ley, tal o tales disposiciones ser\u00e1n redactadas nuevamente de forma tal que reflejen lo m\u00e1s fielmente posible las intenciones de las partes, mientras las otras disposiciones se mantendr\u00e1n vigentes y aplicables.<\/p><p>\u00a0<\/p><p>En el supuesto de que alguna de las cl\u00e1usulas del presente Acuerdo resultara inv\u00e1lida o inaplicable, la parte v\u00e1lida o aplicable y las restantes disposiciones del Acuerdo se mantendr\u00e1n vigentes y aplicables.<\/p><p>\u00a0<\/p>\t\t\t\t\t\t<\/div>\n\t\t\t\t<\/div>\n\t\t\t\t<div class=\"elementor-element elementor-element-60e9969 elementor-widget elementor-widget-spacer\" data-id=\"60e9969\" data-element_type=\"widget\" data-widget_type=\"spacer.default\">\n\t\t\t\t<div class=\"elementor-widget-container\">\n\t\t\t\t\t<div class=\"elementor-spacer\">\n\t\t\t<div class=\"elementor-spacer-inner\"><\/div>\n\t\t<\/div>\n\t\t\t\t<\/div>\n\t\t\t\t<\/div>\n\t\t\t\t\t<\/div>\n\t\t<\/div>\n\t\t\t\t\t\t\t<\/div>\n\t\t<\/section>\n\t\t\t\t\t\t\t<\/div>","protected":false},"excerpt":{"rendered":"<p>Identificaci\u00f3n de la raz\u00f3n social del responsable del tratamiento De acuerdo con la Ley 34\/2002 de 11 de julio de servicios de la sociedad de la informaci\u00f3n y de comercio electr\u00f3nico ponemos en su conocimiento los datos sociales de la entidad: Raz\u00f3n social: CHOVI LOGISTIC SL N.I.F\/C.I.F.: B98982242 Domicilio: P.I. Bonavista Sector 3, Sup. Parcela [&hellip;]<\/p>","protected":false},"author":1,"featured_media":0,"parent":0,"menu_order":0,"comment_status":"closed","ping_status":"closed","template":"elementor_header_footer","meta":{"footnotes":""},"class_list":["post-446","page","type-page","status-publish","hentry"],"yoast_head":"<!-- This site is optimized with the Yoast SEO plugin v20.2.1 - https:\/\/yoast.com\/wordpress\/plugins\/seo\/ -->\n<title>Aviso legal - Chov\u00ed Logistics<\/title>\n<meta name=\"description\" content=\"Textos de aviso legal de chovilogistiscs\" \/>\n<meta name=\"robots\" content=\"index, follow, max-snippet:-1, max-image-preview:large, max-video-preview:-1\" \/>\n<link rel=\"canonical\" href=\"https:\/\/www.chovilogistics.com\/en\/aviso-legal\/\" \/>\n<meta property=\"og:locale\" content=\"en_GB\" \/>\n<meta property=\"og:type\" content=\"article\" \/>\n<meta property=\"og:title\" content=\"Aviso legal - Chov\u00ed Logistics\" \/>\n<meta property=\"og:description\" content=\"Textos de aviso legal de chovilogistiscs\" \/>\n<meta property=\"og:url\" content=\"https:\/\/www.chovilogistics.com\/en\/aviso-legal\/\" \/>\n<meta property=\"og:site_name\" content=\"Chov\u00ed Logistics\" \/>\n<meta property=\"article:modified_time\" content=\"2023-03-08T15:57:06+00:00\" \/>\n<meta name=\"twitter:card\" content=\"summary_large_image\" \/>\n<meta name=\"twitter:label1\" content=\"Estimated reading time\" \/>\n\t<meta name=\"twitter:data1\" content=\"9 minutes\" \/>\n<script type=\"application\/ld+json\" class=\"yoast-schema-graph\">{\"@context\":\"https:\/\/schema.org\",\"@graph\":[{\"@type\":\"WebPage\",\"@id\":\"https:\/\/www.chovilogistics.com\/aviso-legal\/\",\"url\":\"https:\/\/www.chovilogistics.com\/aviso-legal\/\",\"name\":\"Aviso legal - Chov\u00ed Logistics\",\"isPartOf\":{\"@id\":\"https:\/\/www.chovilogistics.com\/#website\"},\"datePublished\":\"2023-03-02T11:38:27+00:00\",\"dateModified\":\"2023-03-08T15:57:06+00:00\",\"description\":\"Textos de aviso legal de chovilogistiscs\",\"breadcrumb\":{\"@id\":\"https:\/\/www.chovilogistics.com\/aviso-legal\/#breadcrumb\"},\"inLanguage\":\"en-GB\",\"potentialAction\":[{\"@type\":\"ReadAction\",\"target\":[\"https:\/\/www.chovilogistics.com\/aviso-legal\/\"]}]},{\"@type\":\"BreadcrumbList\",\"@id\":\"https:\/\/www.chovilogistics.com\/aviso-legal\/#breadcrumb\",\"itemListElement\":[{\"@type\":\"ListItem\",\"position\":1,\"name\":\"Portada\",\"item\":\"https:\/\/www.chovilogistics.com\/\"},{\"@type\":\"ListItem\",\"position\":2,\"name\":\"Aviso legal\"}]},{\"@type\":\"WebSite\",\"@id\":\"https:\/\/www.chovilogistics.com\/#website\",\"url\":\"https:\/\/www.chovilogistics.com\/\",\"name\":\"Chov\u00ed Logistics\",\"description\":\"Chov\u00ed Logistics, m\u00e1s de 70 a\u00f1os cubriendo las necesidades de clientes de alimentaci\u00f3n, se constituye como operador log\u00edstico independiente.\",\"publisher\":{\"@id\":\"https:\/\/www.chovilogistics.com\/#organization\"},\"potentialAction\":[{\"@type\":\"SearchAction\",\"target\":{\"@type\":\"EntryPoint\",\"urlTemplate\":\"https:\/\/www.chovilogistics.com\/?s={search_term_string}\"},\"query-input\":\"required name=search_term_string\"}],\"inLanguage\":\"en-GB\"},{\"@type\":\"Organization\",\"@id\":\"https:\/\/www.chovilogistics.com\/#organization\",\"name\":\"Covi logistocs\",\"url\":\"https:\/\/www.chovilogistics.com\/\",\"logo\":{\"@type\":\"ImageObject\",\"inLanguage\":\"en-GB\",\"@id\":\"https:\/\/www.chovilogistics.com\/#\/schema\/logo\/image\/\",\"url\":\"https:\/\/www.chovilogistics.com\/wp-content\/uploads\/2023\/02\/cropped-logo-chovi-logistics.png\",\"contentUrl\":\"https:\/\/www.chovilogistics.com\/wp-content\/uploads\/2023\/02\/cropped-logo-chovi-logistics.png\",\"width\":2796,\"height\":617,\"caption\":\"Covi logistocs\"},\"image\":{\"@id\":\"https:\/\/www.chovilogistics.com\/#\/schema\/logo\/image\/\"}}]}<\/script>\n<!-- \/ Yoast SEO plugin. -->","yoast_head_json":{"title":"Aviso legal - Chov\u00ed Logistics","description":"Textos de aviso legal de chovilogistiscs","robots":{"index":"index","follow":"follow","max-snippet":"max-snippet:-1","max-image-preview":"max-image-preview:large","max-video-preview":"max-video-preview:-1"},"canonical":"https:\/\/www.chovilogistics.com\/en\/aviso-legal\/","og_locale":"en_GB","og_type":"article","og_title":"Aviso legal - Chov\u00ed Logistics","og_description":"Textos de aviso legal de chovilogistiscs","og_url":"https:\/\/www.chovilogistics.com\/en\/aviso-legal\/","og_site_name":"Chov\u00ed Logistics","article_modified_time":"2023-03-08T15:57:06+00:00","twitter_card":"summary_large_image","twitter_misc":{"Estimated reading time":"9 minutes"},"schema":{"@context":"https:\/\/schema.org","@graph":[{"@type":"WebPage","@id":"https:\/\/www.chovilogistics.com\/aviso-legal\/","url":"https:\/\/www.chovilogistics.com\/aviso-legal\/","name":"Aviso legal - Chov\u00ed Logistics","isPartOf":{"@id":"https:\/\/www.chovilogistics.com\/#website"},"datePublished":"2023-03-02T11:38:27+00:00","dateModified":"2023-03-08T15:57:06+00:00","description":"Textos de aviso legal de chovilogistiscs","breadcrumb":{"@id":"https:\/\/www.chovilogistics.com\/aviso-legal\/#breadcrumb"},"inLanguage":"en-GB","potentialAction":[{"@type":"ReadAction","target":["https:\/\/www.chovilogistics.com\/aviso-legal\/"]}]},{"@type":"BreadcrumbList","@id":"https:\/\/www.chovilogistics.com\/aviso-legal\/#breadcrumb","itemListElement":[{"@type":"ListItem","position":1,"name":"Portada","item":"https:\/\/www.chovilogistics.com\/"},{"@type":"ListItem","position":2,"name":"Aviso legal"}]},{"@type":"WebSite","@id":"https:\/\/www.chovilogistics.com\/#website","url":"https:\/\/www.chovilogistics.com\/","name":"Chov\u00ed Logistics","description":"Chov\u00ed Logistics, m\u00e1s de 70 a\u00f1os cubriendo las necesidades de clientes de alimentaci\u00f3n, se constituye como operador log\u00edstico independiente.","publisher":{"@id":"https:\/\/www.chovilogistics.com\/#organization"},"potentialAction":[{"@type":"SearchAction","target":{"@type":"EntryPoint","urlTemplate":"https:\/\/www.chovilogistics.com\/?s={search_term_string}"},"query-input":"required name=search_term_string"}],"inLanguage":"en-GB"},{"@type":"Organization","@id":"https:\/\/www.chovilogistics.com\/#organization","name":"Covi logistocs","url":"https:\/\/www.chovilogistics.com\/","logo":{"@type":"ImageObject","inLanguage":"en-GB","@id":"https:\/\/www.chovilogistics.com\/#\/schema\/logo\/image\/","url":"https:\/\/www.chovilogistics.com\/wp-content\/uploads\/2023\/02\/cropped-logo-chovi-logistics.png","contentUrl":"https:\/\/www.chovilogistics.com\/wp-content\/uploads\/2023\/02\/cropped-logo-chovi-logistics.png","width":2796,"height":617,"caption":"Covi logistocs"},"image":{"@id":"https:\/\/www.chovilogistics.com\/#\/schema\/logo\/image\/"}}]}},"_links":{"self":[{"href":"https:\/\/www.chovilogistics.com\/en\/wp-json\/wp\/v2\/pages\/446","targetHints":{"allow":["GET"]}}],"collection":[{"href":"https:\/\/www.chovilogistics.com\/en\/wp-json\/wp\/v2\/pages"}],"about":[{"href":"https:\/\/www.chovilogistics.com\/en\/wp-json\/wp\/v2\/types\/page"}],"author":[{"embeddable":true,"href":"https:\/\/www.chovilogistics.com\/en\/wp-json\/wp\/v2\/users\/1"}],"replies":[{"embeddable":true,"href":"https:\/\/www.chovilogistics.com\/en\/wp-json\/wp\/v2\/comments?post=446"}],"version-history":[{"count":5,"href":"https:\/\/www.chovilogistics.com\/en\/wp-json\/wp\/v2\/pages\/446\/revisions"}],"predecessor-version":[{"id":463,"href":"https:\/\/www.chovilogistics.com\/en\/wp-json\/wp\/v2\/pages\/446\/revisions\/463"}],"wp:attachment":[{"href":"https:\/\/www.chovilogistics.com\/en\/wp-json\/wp\/v2\/media?parent=446"}],"curies":[{"name":"wp","href":"https:\/\/api.w.org\/{rel}","templated":true}]}}